{"id":32,"date":"2022-07-11T15:45:27","date_gmt":"2022-07-11T13:45:27","guid":{"rendered":"https:\/\/www.final-escape.com\/berlin\/impressum\/"},"modified":"2023-02-13T10:17:21","modified_gmt":"2023-02-13T09:17:21","slug":"impressum","status":"publish","type":"page","link":"https:\/\/www.final-escape.com\/berlin\/impressum\/","title":{"rendered":"Impressum"},"content":{"rendered":"\t\t<div data-elementor-type=\"wp-page\" data-elementor-id=\"32\" class=\"elementor elementor-32\" data-elementor-post-type=\"page\">\n\t\t\t\t\t\t<section class=\"elementor-section elementor-top-section elementor-element elementor-element-f6b4bc0 elementor-section-boxed elementor-section-height-default elementor-section-height-default\" data-id=\"f6b4bc0\" data-element_type=\"section\">\n\t\t\t\t\t\t<div class=\"elementor-container elementor-column-gap-default\">\n\t\t\t\t\t<div class=\"elementor-column elementor-col-100 elementor-top-column elementor-element elementor-element-1a71aae\" data-id=\"1a71aae\" data-element_type=\"column\">\n\t\t\t<div class=\"elementor-widget-wrap elementor-element-populated\">\n\t\t\t\t\t\t<div class=\"elementor-element elementor-element-0cceb5c elementor-widget elementor-widget-heading\" data-id=\"0cceb5c\" data-element_type=\"widget\" data-widget_type=\"heading.default\">\n\t\t\t\t<div class=\"elementor-widget-container\">\n\t\t\t<h2 class=\"elementor-heading-title elementor-size-default\">Impressum<\/h2>\t\t<\/div>\n\t\t\t\t<\/div>\n\t\t\t\t<div class=\"elementor-element elementor-element-77b75ec elementor-widget elementor-widget-text-editor\" data-id=\"77b75ec\" data-element_type=\"widget\" data-widget_type=\"text-editor.default\">\n\t\t\t\t<div class=\"elementor-widget-container\">\n\t\t\t\t\t\t\tFinal Escape 2.1 GmbH<br>\nPrenzlauer Allee 23<br>\nDE-10405 Berlin<br><br>\n\n<strong>Vertretungsberechtigter Gesch\u00e4ftsf\u00fchrer:<\/strong>\u00a0Alexander Kulakov<br><br>\n\nWeb: https:\/\/final-escape.com<br>\nE-Mail:\u00a0<a href=\"mailto:berlin@final-escape.de\">berlin@final-escape.de<\/a><br>\nZentrale:\u00a0<a href=\"tel:03091441886\">+49 (0)30 \u2013 91441886<\/a><br><br>\n\nHR Zeichen: HRB 163 801 B<br>\nGerichtsstand: Amtsgericht Charlottenburg<br>\nTax ID: DE 298022140<br><br>\n\nDesign &amp; Umsetzung:\u00a0<a href=\"https:\/\/www.minkenberg.de\/de\/\" target=\"_blank\" rel=\"noopener\">Minkenberg Medien GmbH<\/a><br><br>\n\nEinige Bilder und Icons auf unserer Homepage stammen von den Anbietern Font Awesome, Shutterstock und Envato Elements.<br><br>\n\n<strong>HAFTUNGSHINWEIS:<\/strong><br>\nTrotz sorgf\u00e4ltiger inhaltlicher Kontrolle \u00fcbernehmen wir keine Haftung f\u00fcr die Inhalte externer Links. F\u00fcr den Inhalt der verlinkten Seiten sind ausschlie\u00dflich deren Betreiber verantwortlich. Wir m\u00f6chten ausdr\u00fccklich darauf hinweisen, dass wir uns von den Inhalten von dieser Internetpr\u00e4senz verlinkten Seiten distanzieren.<br><br>\n\nWir weisen ausdr\u00fccklich darauf hin, dass wir keinerlei Einfluss auf die Inhalte der fremden Homepages haben. Sollten auf den fremden Seiten Verst\u00f6\u00dfe gegen die guten Sitten oder Gesetze enthalten sein, werden wir die Links zu diesen Seiten sofort nach Kenntnisnahme dieser Verst\u00f6\u00dfe aus unserer Internetpr\u00e4senz l\u00f6schen.<br><br>\n\n<strong>COPYRIGHTHINWEIS:<\/strong><br>\nS\u00e4mtliche Inhalte sind urheberrechtlich gesch\u00fctzt.\t\t\t\t\t\t<\/div>\n\t\t\t\t<\/div>\n\t\t\t\t\t<\/div>\n\t\t<\/div>\n\t\t\t\t\t<\/div>\n\t\t<\/section>\n\t\t\t\t<\/div>\n\t\t","protected":false},"excerpt":{"rendered":"<p>\/*! elementor &#8211; v3.10.2 &#8211; 29-01-2023 *\/ .elementor-heading-title{padding:0;margin:0;line-height:1}.elementor-widget-heading .elementor-heading-title[class*=elementor-size-]&gt;a{color:inherit;font-size:inherit;line-height:inherit}.elementor-widget-heading .elementor-heading-title.elementor-size-small{font-size:15px}.elementor-widget-heading .elementor-heading-title.elementor-size-medium{font-size:19px}.elementor-widget-heading .elementor-heading-title.elementor-size-large{font-size:29px}.elementor-widget-heading .elementor-heading-title.elementor-size-xl{font-size:39px}.elementor-widget-heading .elementor-heading-title.elementor-size-xxl{font-size:59px} Impressum Final Escape 2.1 GmbH Prenzlauer Allee 23 DE-10405 Berlin Vertretungsberechtigter Gesch\u00e4ftsf\u00fchrer:\u00a0Alexander Kulakov Web: https:\/\/final-escape.com E-Mail:\u00a0berlin@final-escape.de Zentrale:\u00a0+49 (0)30 \u2013 91441886 HR Zeichen: HRB 163 801 B Gerichtsstand: Amtsgericht Charlottenburg Tax ID: DE 298022140 Design &amp; Umsetzung:\u00a0Minkenberg Medien GmbH Einige Bilder und [&hellip;]<\/p>\n","protected":false},"author":1,"featured_media":0,"parent":0,"menu_order":10,"comment_status":"closed","ping_status":"closed","template":"","meta":{"_acf_changed":false,"footnotes":""},"class_list":["post-32","page","type-page","status-publish","hentry"],"acf":[],"yoast_head":"<!-- This site is optimized with the Yoast SEO plugin v25.0 - https:\/\/yoast.com\/wordpress\/plugins\/seo\/ -->\n<title>Impressum - Final Escape Berlin<\/title>\n<meta name=\"robots\" content=\"index, follow, max-snippet:-1, max-image-preview:large, max-video-preview:-1\" \/>\n<link rel=\"canonical\" href=\"https:\/\/www.final-escape.com\/berlin\/impressum\/\" \/>\n<meta property=\"og:locale\" content=\"de_DE\" \/>\n<meta property=\"og:type\" content=\"article\" \/>\n<meta property=\"og:title\" content=\"Impressum - Final Escape Berlin\" \/>\n<meta property=\"og:description\" content=\"\/*! elementor &#8211; v3.10.2 &#8211; 29-01-2023 *\/ .elementor-heading-title{padding:0;margin:0;line-height:1}.elementor-widget-heading .elementor-heading-title[class*=elementor-size-]&gt;a{color:inherit;font-size:inherit;line-height:inherit}.elementor-widget-heading .elementor-heading-title.elementor-size-small{font-size:15px}.elementor-widget-heading .elementor-heading-title.elementor-size-medium{font-size:19px}.elementor-widget-heading .elementor-heading-title.elementor-size-large{font-size:29px}.elementor-widget-heading .elementor-heading-title.elementor-size-xl{font-size:39px}.elementor-widget-heading .elementor-heading-title.elementor-size-xxl{font-size:59px} Impressum Final Escape 2.1 GmbH Prenzlauer Allee 23 DE-10405 Berlin Vertretungsberechtigter Gesch\u00e4ftsf\u00fchrer:\u00a0Alexander Kulakov Web: https:\/\/final-escape.com E-Mail:\u00a0berlin@final-escape.de Zentrale:\u00a0+49 (0)30 \u2013 91441886 HR Zeichen: HRB 163 801 B Gerichtsstand: Amtsgericht Charlottenburg Tax ID: DE 298022140 Design &amp; Umsetzung:\u00a0Minkenberg Medien GmbH Einige Bilder und [&hellip;]\" \/>\n<meta property=\"og:url\" content=\"https:\/\/www.final-escape.com\/berlin\/impressum\/\" \/>\n<meta property=\"og:site_name\" content=\"Final Escape Berlin\" \/>\n<meta property=\"article:publisher\" content=\"https:\/\/www.facebook.com\/finalescape.official\" \/>\n<meta property=\"article:modified_time\" content=\"2023-02-13T09:17:21+00:00\" \/>\n<meta name=\"twitter:card\" content=\"summary_large_image\" \/>\n<meta name=\"twitter:label1\" content=\"Gesch\u00e4tzte Lesezeit\" \/>\n\t<meta name=\"twitter:data1\" content=\"1\u00a0Minute\" \/>\n<script type=\"application\/ld+json\" class=\"yoast-schema-graph\">{\"@context\":\"https:\/\/schema.org\",\"@graph\":[{\"@type\":\"WebPage\",\"@id\":\"https:\/\/www.final-escape.com\/berlin\/impressum\/\",\"url\":\"https:\/\/www.final-escape.com\/berlin\/impressum\/\",\"name\":\"Impressum - Final Escape Berlin\",\"isPartOf\":{\"@id\":\"https:\/\/www.final-escape.com\/berlin\/#website\"},\"datePublished\":\"2022-07-11T13:45:27+00:00\",\"dateModified\":\"2023-02-13T09:17:21+00:00\",\"breadcrumb\":{\"@id\":\"https:\/\/www.final-escape.com\/berlin\/impressum\/#breadcrumb\"},\"inLanguage\":\"de\",\"potentialAction\":[{\"@type\":\"ReadAction\",\"target\":[\"https:\/\/www.final-escape.com\/berlin\/impressum\/\"]}]},{\"@type\":\"BreadcrumbList\",\"@id\":\"https:\/\/www.final-escape.com\/berlin\/impressum\/#breadcrumb\",\"itemListElement\":[{\"@type\":\"ListItem\",\"position\":1,\"name\":\"Startseite\",\"item\":\"https:\/\/www.final-escape.com\/berlin\/en\/\"},{\"@type\":\"ListItem\",\"position\":2,\"name\":\"Impressum\"}]},{\"@type\":\"WebSite\",\"@id\":\"https:\/\/www.final-escape.com\/berlin\/#website\",\"url\":\"https:\/\/www.final-escape.com\/berlin\/\",\"name\":\"Final Escape Berlin\",\"description\":\"Live Escape Games \/ Room Berlin - Adventure Game \/ Rooms Berlin\",\"publisher\":{\"@id\":\"https:\/\/www.final-escape.com\/berlin\/#organization\"},\"potentialAction\":[{\"@type\":\"SearchAction\",\"target\":{\"@type\":\"EntryPoint\",\"urlTemplate\":\"https:\/\/www.final-escape.com\/berlin\/?s={search_term_string}\"},\"query-input\":{\"@type\":\"PropertyValueSpecification\",\"valueRequired\":true,\"valueName\":\"search_term_string\"}}],\"inLanguage\":\"de\"},{\"@type\":\"Organization\",\"@id\":\"https:\/\/www.final-escape.com\/berlin\/#organization\",\"name\":\"Final Escape Berlin\",\"url\":\"https:\/\/www.final-escape.com\/berlin\/\",\"logo\":{\"@type\":\"ImageObject\",\"inLanguage\":\"de\",\"@id\":\"https:\/\/www.final-escape.com\/berlin\/#\/schema\/logo\/image\/\",\"url\":\"https:\/\/www.final-escape.com\/berlin\/wp-content\/uploads\/sites\/2\/2026\/03\/Logo_Stamp_Logo_Stamp_OIL-BLUE.png\",\"contentUrl\":\"https:\/\/www.final-escape.com\/berlin\/wp-content\/uploads\/sites\/2\/2026\/03\/Logo_Stamp_Logo_Stamp_OIL-BLUE.png\",\"width\":5000,\"height\":5000,\"caption\":\"Final Escape Berlin\"},\"image\":{\"@id\":\"https:\/\/www.final-escape.com\/berlin\/#\/schema\/logo\/image\/\"},\"sameAs\":[\"https:\/\/www.facebook.com\/finalescape.official\",\"https:\/\/www.instagram.com\/finalescape.official\/\",\"https:\/\/www.threads.com\/@finalescape.official\",\"https:\/\/www.tiktok.com\/@finalescape.official\"]}]}<\/script>\n<!-- \/ Yoast SEO plugin. -->","yoast_head_json":{"title":"Impressum - Final Escape Berlin","robots":{"index":"index","follow":"follow","max-snippet":"max-snippet:-1","max-image-preview":"max-image-preview:large","max-video-preview":"max-video-preview:-1"},"canonical":"https:\/\/www.final-escape.com\/berlin\/impressum\/","og_locale":"de_DE","og_type":"article","og_title":"Impressum - Final Escape Berlin","og_description":"\/*! elementor &#8211; v3.10.2 &#8211; 29-01-2023 *\/ .elementor-heading-title{padding:0;margin:0;line-height:1}.elementor-widget-heading .elementor-heading-title[class*=elementor-size-]&gt;a{color:inherit;font-size:inherit;line-height:inherit}.elementor-widget-heading .elementor-heading-title.elementor-size-small{font-size:15px}.elementor-widget-heading .elementor-heading-title.elementor-size-medium{font-size:19px}.elementor-widget-heading .elementor-heading-title.elementor-size-large{font-size:29px}.elementor-widget-heading .elementor-heading-title.elementor-size-xl{font-size:39px}.elementor-widget-heading .elementor-heading-title.elementor-size-xxl{font-size:59px} Impressum Final Escape 2.1 GmbH Prenzlauer Allee 23 DE-10405 Berlin Vertretungsberechtigter Gesch\u00e4ftsf\u00fchrer:\u00a0Alexander Kulakov Web: https:\/\/final-escape.com E-Mail:\u00a0berlin@final-escape.de Zentrale:\u00a0+49 (0)30 \u2013 91441886 HR Zeichen: HRB 163 801 B Gerichtsstand: Amtsgericht Charlottenburg Tax ID: DE 298022140 Design &amp; Umsetzung:\u00a0Minkenberg Medien GmbH Einige Bilder und [&hellip;]","og_url":"https:\/\/www.final-escape.com\/berlin\/impressum\/","og_site_name":"Final Escape Berlin","article_publisher":"https:\/\/www.facebook.com\/finalescape.official","article_modified_time":"2023-02-13T09:17:21+00:00","twitter_card":"summary_large_image","twitter_misc":{"Gesch\u00e4tzte Lesezeit":"1\u00a0Minute"},"schema":{"@context":"https:\/\/schema.org","@graph":[{"@type":"WebPage","@id":"https:\/\/www.final-escape.com\/berlin\/impressum\/","url":"https:\/\/www.final-escape.com\/berlin\/impressum\/","name":"Impressum - Final Escape Berlin","isPartOf":{"@id":"https:\/\/www.final-escape.com\/berlin\/#website"},"datePublished":"2022-07-11T13:45:27+00:00","dateModified":"2023-02-13T09:17:21+00:00","breadcrumb":{"@id":"https:\/\/www.final-escape.com\/berlin\/impressum\/#breadcrumb"},"inLanguage":"de","potentialAction":[{"@type":"ReadAction","target":["https:\/\/www.final-escape.com\/berlin\/impressum\/"]}]},{"@type":"BreadcrumbList","@id":"https:\/\/www.final-escape.com\/berlin\/impressum\/#breadcrumb","itemListElement":[{"@type":"ListItem","position":1,"name":"Startseite","item":"https:\/\/www.final-escape.com\/berlin\/en\/"},{"@type":"ListItem","position":2,"name":"Impressum"}]},{"@type":"WebSite","@id":"https:\/\/www.final-escape.com\/berlin\/#website","url":"https:\/\/www.final-escape.com\/berlin\/","name":"Final Escape Berlin","description":"Live Escape Games \/ Room Berlin - Adventure Game \/ Rooms Berlin","publisher":{"@id":"https:\/\/www.final-escape.com\/berlin\/#organization"},"potentialAction":[{"@type":"SearchAction","target":{"@type":"EntryPoint","urlTemplate":"https:\/\/www.final-escape.com\/berlin\/?s={search_term_string}"},"query-input":{"@type":"PropertyValueSpecification","valueRequired":true,"valueName":"search_term_string"}}],"inLanguage":"de"},{"@type":"Organization","@id":"https:\/\/www.final-escape.com\/berlin\/#organization","name":"Final Escape Berlin","url":"https:\/\/www.final-escape.com\/berlin\/","logo":{"@type":"ImageObject","inLanguage":"de","@id":"https:\/\/www.final-escape.com\/berlin\/#\/schema\/logo\/image\/","url":"https:\/\/www.final-escape.com\/berlin\/wp-content\/uploads\/sites\/2\/2026\/03\/Logo_Stamp_Logo_Stamp_OIL-BLUE.png","contentUrl":"https:\/\/www.final-escape.com\/berlin\/wp-content\/uploads\/sites\/2\/2026\/03\/Logo_Stamp_Logo_Stamp_OIL-BLUE.png","width":5000,"height":5000,"caption":"Final Escape Berlin"},"image":{"@id":"https:\/\/www.final-escape.com\/berlin\/#\/schema\/logo\/image\/"},"sameAs":["https:\/\/www.facebook.com\/finalescape.official","https:\/\/www.instagram.com\/finalescape.official\/","https:\/\/www.threads.com\/@finalescape.official","https:\/\/www.tiktok.com\/@finalescape.official"]}]}},"_links":{"self":[{"href":"https:\/\/www.final-escape.com\/berlin\/wp-json\/wp\/v2\/pages\/32"}],"collection":[{"href":"https:\/\/www.final-escape.com\/berlin\/wp-json\/wp\/v2\/pages"}],"about":[{"href":"https:\/\/www.final-escape.com\/berlin\/wp-json\/wp\/v2\/types\/page"}],"author":[{"embeddable":true,"href":"https:\/\/www.final-escape.com\/berlin\/wp-json\/wp\/v2\/users\/1"}],"replies":[{"embeddable":true,"href":"https:\/\/www.final-escape.com\/berlin\/wp-json\/wp\/v2\/comments?post=32"}],"version-history":[{"count":4,"href":"https:\/\/www.final-escape.com\/berlin\/wp-json\/wp\/v2\/pages\/32\/revisions"}],"predecessor-version":[{"id":2122,"href":"https:\/\/www.final-escape.com\/berlin\/wp-json\/wp\/v2\/pages\/32\/revisions\/2122"}],"wp:attachment":[{"href":"https:\/\/www.final-escape.com\/berlin\/wp-json\/wp\/v2\/media?parent=32"}],"curies":[{"name":"wp","href":"https:\/\/api.w.org\/{rel}","templated":true}]}}