{"id":28,"date":"2022-07-11T15:45:27","date_gmt":"2022-07-11T13:45:27","guid":{"rendered":"https:\/\/www.final-escape.com\/flensburg\/location-mieten\/"},"modified":"2025-04-28T09:39:57","modified_gmt":"2025-04-28T07:39:57","slug":"location-mieten","status":"publish","type":"page","link":"https:\/\/www.final-escape.com\/flensburg\/location-mieten\/","title":{"rendered":"Location mieten"},"content":{"rendered":"\t\t<div data-elementor-type=\"wp-page\" data-elementor-id=\"28\" class=\"elementor elementor-28\" data-elementor-post-type=\"page\">\n\t\t\t\t\t\t<section class=\"elementor-section elementor-top-section elementor-element elementor-element-1e4c4e02 elementor-section-height-min-height elementor-section-items-stretch elementor-section-content-middle elementor-section-boxed elementor-section-height-default\" data-id=\"1e4c4e02\" data-element_type=\"section\" data-e-type=\"section\" data-settings=\"{&quot;background_background&quot;:&quot;classic&quot;}\">\n\t\t\t\t\t\t<div class=\"elementor-container elementor-column-gap-default\">\n\t\t\t\t\t<div class=\"elementor-column elementor-col-100 elementor-top-column elementor-element elementor-element-2eb733aa\" data-id=\"2eb733aa\" data-element_type=\"column\" data-e-type=\"column\" data-settings=\"{&quot;background_background&quot;:&quot;classic&quot;}\">\n\t\t\t<div class=\"elementor-widget-wrap elementor-element-populated\">\n\t\t\t\t\t\t<div class=\"elementor-element elementor-element-3139fc9b elementor-widget elementor-widget-heading\" data-id=\"3139fc9b\" data-element_type=\"widget\" data-e-type=\"widget\" data-widget_type=\"heading.default\">\n\t\t\t\t<div class=\"elementor-widget-container\">\n\t\t\t\t\t<h1 class=\"elementor-heading-title elementor-size-default\">Location mieten<\/h1>\t\t\t\t<\/div>\n\t\t\t\t<\/div>\n\t\t\t\t\t<\/div>\n\t\t<\/div>\n\t\t\t\t\t<\/div>\n\t\t<\/section>\n\t\t\t\t<section class=\"elementor-section elementor-top-section elementor-element elementor-element-4c2087df elementor-reverse-mobile elementor-section-boxed elementor-section-height-default elementor-section-height-default\" data-id=\"4c2087df\" data-element_type=\"section\" data-e-type=\"section\">\n\t\t\t\t\t\t<div class=\"elementor-container elementor-column-gap-default\">\n\t\t\t\t\t<div class=\"elementor-column elementor-col-66 elementor-top-column elementor-element elementor-element-262f6541\" data-id=\"262f6541\" data-element_type=\"column\" data-e-type=\"column\">\n\t\t\t<div class=\"elementor-widget-wrap elementor-element-populated\">\n\t\t\t\t\t\t<div class=\"elementor-element elementor-element-69cd828c elementor-widget elementor-widget-heading\" data-id=\"69cd828c\" data-element_type=\"widget\" data-e-type=\"widget\" data-widget_type=\"heading.default\">\n\t\t\t\t<div class=\"elementor-widget-container\">\n\t\t\t\t\t<h2 class=\"elementor-heading-title elementor-size-default\">Fotoshootings und Filmproduktionen<\/h2>\t\t\t\t<\/div>\n\t\t\t\t<\/div>\n\t\t\t\t<div class=\"elementor-element elementor-element-2eab2ba9 elementor-widget elementor-widget-heading\" data-id=\"2eab2ba9\" data-element_type=\"widget\" data-e-type=\"widget\" data-widget_type=\"heading.default\">\n\t\t\t\t<div class=\"elementor-widget-container\">\n\t\t\t\t\t<h4 class=\"elementor-heading-title elementor-size-default\">Nutze unsere einzigartigen Themenwelten f\u00fcr deine Produktionen!<\/h4>\t\t\t\t<\/div>\n\t\t\t\t<\/div>\n\t\t\t\t<div class=\"elementor-element elementor-element-589041ee elementor-widget elementor-widget-text-editor\" data-id=\"589041ee\" data-element_type=\"widget\" data-e-type=\"widget\" data-widget_type=\"text-editor.default\">\n\t\t\t\t<div class=\"elementor-widget-container\">\n\t\t\t\t\t\t\t\t\t<p><span style=\"font-weight: 400\">Ob Fotoshooting, Filmproduktion oder Musikvideo, bei uns findest du die f\u00fcr dich <strong>passende Location<\/strong> f\u00fcr einen atemberaubenden Dreh. Unsere bis ins letzte Detail geplanten Kulissen \u00fcberzeugen mit ihrer Vielfalt und Vielseitigkeit. Du hast die Wahl zwischen unterschiedlichen Themen, um deiner n\u00e4chsten Produktion einen exzellenten Rahmen zu bieten.<\/span><\/p><p><span style=\"font-weight: 400\">Du planst ein Shooting <strong>an Bord eines echten Piratenschiffes<\/strong>? Diese authentische Kulisse bietet einen echten Einblick in das damalige Leben der Piraten an Bord. Ob als Musikvideo im Fluch der Karibik Stil oder ein atemberaubendes Fotoshooting in einer Kapit\u00e4nskaj\u00fcte, hier findest du garantiert das Richtige!<\/span><\/p><p><span style=\"font-weight: 400\">Lass dich entf\u00fchren und betrete <strong>Die Wunderlampe<\/strong> im Stil von 1001 Nacht. Hier w\u00fcrden sich Aladdin und Jasmin gewiss auch wohlf\u00fchlen. Handbestickte Kissen, erstklassige Stoffe, Palmenwedel und gem\u00fctliche Vorh\u00e4nge. In diesem Abenteuer findest du die richtige Kulisse f\u00fcr ein romantisches Musikvideo oder einen traumhaften Filmdreh.<\/span><\/p><p><span style=\"font-weight: 400\">Unsere <strong>mittelalterlichen R\u00e4umlichkeiten<\/strong> bieten dir genau den richtigen Rahmen f\u00fcr einen geheimnisvollen Dreh in Mittelitalien. In einer Klosterabtei findest du hier zahlreiche verschl\u00fcsselte Skripten, bunt bemalte W\u00e4nde mit Abbildern biblischer Geschichten und eine schwer wiegende Atmosph\u00e4re voller Ehrfurcht. Angelehnt an Der Name der Rose bietet dieser Raum tiefe Einblicke in die R\u00e4umlichkeiten einer Abtei. M\u00f6chtest du deinem Filmdreh ein paar italienische Kloster Szenen hinzuf\u00fcgen, bist du hier genau an der richtigen Adresse!<\/span><\/p><p><span style=\"font-weight: 400\">Verpasse deiner Produktion einen Hauch von <strong>Leonardo DaVinci<\/strong>, ganz im Stil der Renaissance. Auf einem staubigen Dachboden warten unterschiedlichste Hinweise f\u00fcr den sagenumwobenen DaVinci Code. Du m\u00f6chtest deinem Dreh einen erhabenen Rahmen geben und eine spannende Prise beif\u00fcgen? Dann z\u00f6gere nicht l\u00e4nger und entscheide dich f\u00fcr diese ungew\u00f6hnlichen R\u00e4umlichkeiten!<\/span><\/p><p><span style=\"font-weight: 400\">Deinen Ideen sind bei Final Escape keine Grenzen gesetzt. \u00dcbermittle uns noch heute deine unverbindliche Anfrage und wir planen gemeinsam den perfekten Rahmen f\u00fcr deine Produktion!<\/span><\/p>\t\t\t\t\t\t\t\t<\/div>\n\t\t\t\t<\/div>\n\t\t\t\t\t<\/div>\n\t\t<\/div>\n\t\t\t\t<div class=\"elementor-column elementor-col-33 elementor-top-column elementor-element elementor-element-2e8dc3f4\" data-id=\"2e8dc3f4\" data-element_type=\"column\" data-e-type=\"column\" id=\"anfrage-location-mieten\">\n\t\t\t<div class=\"elementor-widget-wrap elementor-element-populated\">\n\t\t\t\t\t\t<div class=\"elementor-element elementor-element-c75a2ec elementor-widget elementor-widget-heading\" data-id=\"c75a2ec\" data-element_type=\"widget\" data-e-type=\"widget\" data-widget_type=\"heading.default\">\n\t\t\t\t<div class=\"elementor-widget-container\">\n\t\t\t\t\t<h3 class=\"elementor-heading-title elementor-size-default\">Anfrage senden<\/h3>\t\t\t\t<\/div>\n\t\t\t\t<\/div>\n\t\t\t\t<div class=\"elementor-element elementor-element-6642145 elementor-button-align-start elementor-widget elementor-widget-form\" data-id=\"6642145\" data-element_type=\"widget\" data-e-type=\"widget\" data-settings=\"{&quot;step_next_label&quot;:&quot;N\\u00e4chster&quot;,&quot;step_previous_label&quot;:&quot;Voriger&quot;,&quot;button_width&quot;:&quot;100&quot;,&quot;step_type&quot;:&quot;number_text&quot;,&quot;step_icon_shape&quot;:&quot;circle&quot;}\" data-widget_type=\"form.default\">\n\t\t\t\t<div class=\"elementor-widget-container\">\n\t\t\t\t\t\t\t<form class=\"elementor-form\" method=\"post\" id=\"locationmieten\" name=\"Anfrage Location mieten\">\n\t\t\t<input type=\"hidden\" name=\"post_id\" value=\"28\"\/>\n\t\t\t<input type=\"hidden\" name=\"form_id\" value=\"6642145\"\/>\n\t\t\t<input type=\"hidden\" name=\"referer_title\" value=\"Location mieten - Final Escape Flensburg\" \/>\n\n\t\t\t\t\t\t\t<input type=\"hidden\" name=\"queried_id\" value=\"28\"\/>\n\t\t\t\n\t\t\t<div class=\"elementor-form-fields-wrapper elementor-labels-above\">\n\t\t\t\t\t\t\t\t<div class=\"elementor-field-type-text elementor-field-group elementor-column elementor-field-group-vorname elementor-col-50 elementor-field-required elementor-mark-required\">\n\t\t\t\t\t\t\t\t\t\t\t\t<label for=\"form-field-vorname\" class=\"elementor-field-label\">\n\t\t\t\t\t\t\t\tVorname\t\t\t\t\t\t\t<\/label>\n\t\t\t\t\t\t\t\t\t\t\t\t\t\t<input size=\"1\" type=\"text\" name=\"form_fields[vorname]\" id=\"form-field-vorname\" class=\"elementor-field elementor-size-sm  elementor-field-textual\" placeholder=\"Vorname\" required=\"required\" aria-required=\"true\">\n\t\t\t\t\t\t\t\t\t\t\t<\/div>\n\t\t\t\t\t\t\t\t<div class=\"elementor-field-type-text elementor-field-group elementor-column elementor-field-group-nachname elementor-col-50 elementor-field-required elementor-mark-required\">\n\t\t\t\t\t\t\t\t\t\t\t\t<label for=\"form-field-nachname\" class=\"elementor-field-label\">\n\t\t\t\t\t\t\t\tNachname\t\t\t\t\t\t\t<\/label>\n\t\t\t\t\t\t\t\t\t\t\t\t\t\t<input size=\"1\" type=\"text\" name=\"form_fields[nachname]\" id=\"form-field-nachname\" class=\"elementor-field elementor-size-sm  elementor-field-textual\" placeholder=\"Nachname\" required=\"required\" aria-required=\"true\">\n\t\t\t\t\t\t\t\t\t\t\t<\/div>\n\t\t\t\t\t\t\t\t<div class=\"elementor-field-type-email elementor-field-group elementor-column elementor-field-group-email elementor-col-100 elementor-field-required elementor-mark-required\">\n\t\t\t\t\t\t\t\t\t\t\t\t<label for=\"form-field-email\" class=\"elementor-field-label\">\n\t\t\t\t\t\t\t\tE-Mail\t\t\t\t\t\t\t<\/label>\n\t\t\t\t\t\t\t\t\t\t\t\t\t\t<input size=\"1\" type=\"email\" name=\"form_fields[email]\" id=\"form-field-email\" class=\"elementor-field elementor-size-sm  elementor-field-textual\" placeholder=\"E-Mail Adresse\" required=\"required\" aria-required=\"true\">\n\t\t\t\t\t\t\t\t\t\t\t<\/div>\n\t\t\t\t\t\t\t\t<div class=\"elementor-field-type-tel elementor-field-group elementor-column elementor-field-group-telefon elementor-col-100 elementor-field-required elementor-mark-required\">\n\t\t\t\t\t\t\t\t\t\t\t\t<label for=\"form-field-telefon\" class=\"elementor-field-label\">\n\t\t\t\t\t\t\t\tTelefonnummer\t\t\t\t\t\t\t<\/label>\n\t\t\t\t\t\t\t\t<input size=\"1\" type=\"tel\" name=\"form_fields[telefon]\" id=\"form-field-telefon\" class=\"elementor-field elementor-size-sm  elementor-field-textual\" placeholder=\"Telefonnummer\" required=\"required\" aria-required=\"true\" pattern=\"[0-9()#&amp;+*-=.]+\" title=\"Only numbers and phone characters (#, -, *, etc) are accepted.\">\n\n\t\t\t\t\t\t<\/div>\n\t\t\t\t\t\t\t\t<div class=\"elementor-field-type-date elementor-field-group elementor-column elementor-field-group-datum elementor-col-50\">\n\t\t\t\t\t\t\t\t\t\t\t\t<label for=\"form-field-datum\" class=\"elementor-field-label\">\n\t\t\t\t\t\t\t\tDatum\t\t\t\t\t\t\t<\/label>\n\t\t\t\t\t\t\n\t\t<input type=\"date\" name=\"form_fields[datum]\" id=\"form-field-datum\" class=\"elementor-field elementor-size-sm  elementor-field-textual elementor-date-field elementor-use-native\" placeholder=\"Datum\" pattern=\"[0-9]{4}-[0-9]{2}-[0-9]{2}\">\n\t\t\t\t\t\t<\/div>\n\t\t\t\t\t\t\t\t<div class=\"elementor-field-type-time elementor-field-group elementor-column elementor-field-group-uhrzeit elementor-col-50\">\n\t\t\t\t\t\t\t\t\t\t\t\t<label for=\"form-field-uhrzeit\" class=\"elementor-field-label\">\n\t\t\t\t\t\t\t\tUhrzeit\t\t\t\t\t\t\t<\/label>\n\t\t\t\t\t\t\t\t<input type=\"time\" name=\"form_fields[uhrzeit]\" id=\"form-field-uhrzeit\" class=\"elementor-field elementor-size-sm  elementor-field-textual elementor-time-field elementor-use-native\" placeholder=\"Uhrzeit\">\n\t\t\t\t\t\t<\/div>\n\t\t\t\t\t\t\t\t<div class=\"elementor-field-type-textarea elementor-field-group elementor-column elementor-field-group-nachricht elementor-col-100 elementor-field-required elementor-mark-required\">\n\t\t\t\t\t\t\t\t\t\t\t\t<label for=\"form-field-nachricht\" class=\"elementor-field-label\">\n\t\t\t\t\t\t\t\tDeine Nachricht\t\t\t\t\t\t\t<\/label>\n\t\t\t\t\t\t<textarea class=\"elementor-field-textual elementor-field  elementor-size-sm\" name=\"form_fields[nachricht]\" id=\"form-field-nachricht\" rows=\"6\" placeholder=\"Deine Nachricht\" required=\"required\" aria-required=\"true\"><\/textarea>\t\t\t\t<\/div>\n\t\t\t\t\t\t\t\t<div class=\"elementor-field-type-acceptance elementor-field-group elementor-column elementor-field-group-datenschutz elementor-col-100 elementor-field-required elementor-mark-required\">\n\t\t\t\t\t\t\t<div class=\"elementor-field-subgroup\">\n\t\t\t<span class=\"elementor-field-option\">\n\t\t\t\t<input type=\"checkbox\" name=\"form_fields[datenschutz]\" id=\"form-field-datenschutz\" class=\"elementor-field elementor-size-sm  elementor-acceptance-field\" required=\"required\" aria-required=\"true\">\n\t\t\t\t<label for=\"form-field-datenschutz\">Hiermit erkl\u00e4re ich mich mit der <a href=\"https:\/\/final-escape.com\/flensburg\/datenschutz\/\">Datenschutzerkl\u00e4rung<\/a> von Final Escape einverstanden.<\/label>\t\t\t<\/span>\n\t\t<\/div>\n\t\t\t\t\t\t<\/div>\n\t\t\t\t\t\t\t\t<div class=\"elementor-field-group elementor-column elementor-field-type-submit elementor-col-100 e-form__buttons\">\n\t\t\t\t\t<button class=\"elementor-button elementor-size-sm\" type=\"submit\">\n\t\t\t\t\t\t<span class=\"elementor-button-content-wrapper\">\n\t\t\t\t\t\t\t\t\t\t\t\t\t\t\t\t\t\t\t\t\t\t<span class=\"elementor-button-text\">Senden<\/span>\n\t\t\t\t\t\t\t\t\t\t\t\t\t<\/span>\n\t\t\t\t\t<\/button>\n\t\t\t\t<\/div>\n\t\t\t<\/div>\n\t\t<input type=\"text\" name=\"mm_asp_lastname\" value=\"\" autocomplete=\"none\" style=\"width: 1px; height: 1px; position: absolute; left: -10px; top: -10px; overflow: hidden; opacity: 0;\"><input type=\"hidden\" name=\"mm_asp_crts\" value=\"1777683010\"><\/form>\n\t\t\t\t\t\t<\/div>\n\t\t\t\t<\/div>\n\t\t\t\t\t<\/div>\n\t\t<\/div>\n\t\t\t\t\t<\/div>\n\t\t<\/section>\n\t\t\t\t<section class=\"elementor-section elementor-top-section elementor-element elementor-element-94520c5 elementor-section-boxed elementor-section-height-default elementor-section-height-default\" data-id=\"94520c5\" data-element_type=\"section\" data-e-type=\"section\">\n\t\t\t\t\t\t<div class=\"elementor-container elementor-column-gap-default\">\n\t\t\t\t\t<div class=\"elementor-column elementor-col-100 elementor-top-column elementor-element elementor-element-593304a\" data-id=\"593304a\" data-element_type=\"column\" data-e-type=\"column\">\n\t\t\t<div class=\"elementor-widget-wrap elementor-element-populated\">\n\t\t\t\t\t\t<div class=\"elementor-element elementor-element-b12b727 elementor--h-position-center elementor--v-position-middle elementor-arrows-position-inside elementor-pagination-position-inside elementor-widget elementor-widget-slides\" data-id=\"b12b727\" data-element_type=\"widget\" data-e-type=\"widget\" data-settings=\"{&quot;navigation&quot;:&quot;both&quot;,&quot;autoplay&quot;:&quot;yes&quot;,&quot;pause_on_hover&quot;:&quot;yes&quot;,&quot;pause_on_interaction&quot;:&quot;yes&quot;,&quot;autoplay_speed&quot;:5000,&quot;infinite&quot;:&quot;yes&quot;,&quot;transition&quot;:&quot;slide&quot;,&quot;transition_speed&quot;:500}\" data-widget_type=\"slides.default\">\n\t\t\t\t<div class=\"elementor-widget-container\">\n\t\t\t\t\t\t\t<div class=\"elementor-swiper\">\n\t\t\t<div class=\"elementor-slides-wrapper elementor-main-swiper swiper-container\" dir=\"ltr\" data-animation=\"fadeInUp\">\n\t\t\t\t<div class=\"swiper-wrapper elementor-slides\">\n\t\t\t\t\t\t\t\t\t\t<div class=\"elementor-repeater-item-d674f0e swiper-slide\"><div class=\"swiper-slide-bg\" role=\"img\"><\/div><a class=\"swiper-slide-inner\" href=\"https:\/\/www.final-escape.com\/flensburg\/escape-spiele\/schatz-der-piraten\/\"><div class=\"swiper-slide-contents\"><div class=\"elementor-slide-heading\">Schatz der Piraten<\/div><\/div><\/a><\/div><div class=\"elementor-repeater-item-51a066e swiper-slide\"><div class=\"swiper-slide-bg\" role=\"img\"><\/div><a class=\"swiper-slide-inner\" href=\"https:\/\/www.final-escape.com\/flensburg\/escape-spiele\/das-geheimnis-der-toten-moenche\/\"><div class=\"swiper-slide-contents\"><div class=\"elementor-slide-heading\">Das Geheimnis der M\u00f6nche<\/div><\/div><\/a><\/div><div class=\"elementor-repeater-item-b3156c8 swiper-slide\"><div class=\"swiper-slide-bg\" role=\"img\"><\/div><a class=\"swiper-slide-inner\" href=\"https:\/\/www.final-escape.com\/flensburg\/escape-spiele\/davinci-code\/\"><div class=\"swiper-slide-contents\"><div class=\"elementor-slide-heading\">DaVinci Code<\/div><\/div><\/a><\/div><div class=\"elementor-repeater-item-4ad4344 swiper-slide\"><div class=\"swiper-slide-bg\" role=\"img\"><\/div><a class=\"swiper-slide-inner\" href=\"https:\/\/www.final-escape.com\/flensburg\/escape-spiele\/die-wunderlampe\/\"><div class=\"swiper-slide-contents\"><div class=\"elementor-slide-heading\">Die Wunderlampe<\/div><\/div><\/a><\/div>\t\t\t\t<\/div>\n\t\t\t\t\t\t\t\t\t\t\t\t\t\t\t<div class=\"swiper-pagination\"><\/div>\n\t\t\t\t\t\t\t\t\t\t\t\t\t\t\t\t<div class=\"elementor-swiper-button elementor-swiper-button-prev\" role=\"button\" tabindex=\"0\">\n\t\t\t\t\t\t\t<i aria-hidden=\"true\" class=\"eicon-chevron-left\"><\/i>\t\t\t\t\t\t\t<span class=\"elementor-screen-only\">Previous slide<\/span>\n\t\t\t\t\t\t<\/div>\n\t\t\t\t\t\t<div class=\"elementor-swiper-button elementor-swiper-button-next\" role=\"button\" tabindex=\"0\">\n\t\t\t\t\t\t\t<i aria-hidden=\"true\" class=\"eicon-chevron-right\"><\/i>\t\t\t\t\t\t\t<span class=\"elementor-screen-only\">Next slide<\/span>\n\t\t\t\t\t\t<\/div>\n\t\t\t\t\t\t\t\t\t\t\t\t<\/div>\n\t\t<\/div>\n\t\t\t\t\t\t<\/div>\n\t\t\t\t<\/div>\n\t\t\t\t\t<\/div>\n\t\t<\/div>\n\t\t\t\t\t<\/div>\n\t\t<\/section>\n\t\t\t\t<section class=\"elementor-section elementor-top-section elementor-element elementor-element-8c241c6 elementor-section-boxed elementor-section-height-default elementor-section-height-default\" data-id=\"8c241c6\" data-element_type=\"section\" data-e-type=\"section\">\n\t\t\t\t\t\t<div class=\"elementor-container elementor-column-gap-default\">\n\t\t\t\t\t<div class=\"elementor-column elementor-col-100 elementor-top-column elementor-element elementor-element-2d43714\" data-id=\"2d43714\" data-element_type=\"column\" data-e-type=\"column\">\n\t\t\t<div class=\"elementor-widget-wrap elementor-element-populated\">\n\t\t\t\t\t\t<div class=\"elementor-element elementor-element-865f760 elementor-widget elementor-widget-heading\" data-id=\"865f760\" data-element_type=\"widget\" data-e-type=\"widget\" data-widget_type=\"heading.default\">\n\t\t\t\t<div class=\"elementor-widget-container\">\n\t\t\t\t\t<h3 class=\"elementor-heading-title elementor-size-default\">Interessiert?<\/h3>\t\t\t\t<\/div>\n\t\t\t\t<\/div>\n\t\t\t\t<div class=\"elementor-element elementor-element-677a55e elementor-widget elementor-widget-text-editor\" data-id=\"677a55e\" data-element_type=\"widget\" data-e-type=\"widget\" data-widget_type=\"text-editor.default\">\n\t\t\t\t<div class=\"elementor-widget-container\">\n\t\t\t\t\t\t\t\t\t<p>Dann schick uns deine Anfrage per Kontaktformular!<\/p>\t\t\t\t\t\t\t\t<\/div>\n\t\t\t\t<\/div>\n\t\t\t\t<div class=\"elementor-element elementor-element-ac09f00 elementor-align-left elementor-widget elementor-widget-button\" data-id=\"ac09f00\" data-element_type=\"widget\" data-e-type=\"widget\" data-widget_type=\"button.default\">\n\t\t\t\t<div class=\"elementor-widget-container\">\n\t\t\t\t\t\t\t\t\t<div class=\"elementor-button-wrapper\">\n\t\t\t\t\t<a class=\"elementor-button elementor-button-link elementor-size-md elementor-animation-float\" href=\"#anfrage-location-mieten\">\n\t\t\t\t\t\t<span class=\"elementor-button-content-wrapper\">\n\t\t\t\t\t\t\t\t\t<span class=\"elementor-button-text\">Jetzt anfragen<\/span>\n\t\t\t\t\t<\/span>\n\t\t\t\t\t<\/a>\n\t\t\t\t<\/div>\n\t\t\t\t\t\t\t\t<\/div>\n\t\t\t\t<\/div>\n\t\t\t\t\t<\/div>\n\t\t<\/div>\n\t\t\t\t\t<\/div>\n\t\t<\/section>\n\t\t\t\t<\/div>\n\t\t","protected":false},"excerpt":{"rendered":"<p>Location mieten Fotoshootings und Filmproduktionen Nutze unsere einzigartigen Themenwelten f\u00fcr deine Produktionen! Ob Fotoshooting, Filmproduktion oder Musikvideo, bei uns findest du die f\u00fcr dich passende Location f\u00fcr einen atemberaubenden Dreh. Unsere bis ins letzte Detail geplanten Kulissen \u00fcberzeugen mit ihrer Vielfalt und Vielseitigkeit. Du hast die Wahl zwischen unterschiedlichen Themen, um deiner n\u00e4chsten Produktion einen [&hellip;]<\/p>\n","protected":false},"author":1,"featured_media":0,"parent":0,"menu_order":6,"comment_status":"closed","ping_status":"closed","template":"","meta":{"_acf_changed":false,"footnotes":""},"class_list":["post-28","page","type-page","status-publish","hentry"],"acf":[],"yoast_head":"<!-- This site is optimized with the Yoast SEO plugin v25.0 - https:\/\/yoast.com\/wordpress\/plugins\/seo\/ -->\n<title>Location mieten - Final Escape Flensburg<\/title>\n<meta name=\"robots\" content=\"index, follow, max-snippet:-1, max-image-preview:large, max-video-preview:-1\" \/>\n<link rel=\"canonical\" href=\"https:\/\/www.final-escape.com\/flensburg\/location-mieten\/\" \/>\n<meta property=\"og:locale\" content=\"de_DE\" \/>\n<meta property=\"og:type\" content=\"article\" \/>\n<meta property=\"og:title\" content=\"Location mieten - Final Escape Flensburg\" \/>\n<meta property=\"og:description\" content=\"Location mieten Fotoshootings und Filmproduktionen Nutze unsere einzigartigen Themenwelten f\u00fcr deine Produktionen! Ob Fotoshooting, Filmproduktion oder Musikvideo, bei uns findest du die f\u00fcr dich passende Location f\u00fcr einen atemberaubenden Dreh. Unsere bis ins letzte Detail geplanten Kulissen \u00fcberzeugen mit ihrer Vielfalt und Vielseitigkeit. Du hast die Wahl zwischen unterschiedlichen Themen, um deiner n\u00e4chsten Produktion einen [&hellip;]\" \/>\n<meta property=\"og:url\" content=\"https:\/\/www.final-escape.com\/flensburg\/location-mieten\/\" \/>\n<meta property=\"og:site_name\" content=\"Final Escape Flensburg\" \/>\n<meta property=\"article:modified_time\" content=\"2025-04-28T07:39:57+00:00\" \/>\n<meta name=\"twitter:card\" content=\"summary_large_image\" \/>\n<meta name=\"twitter:label1\" content=\"Gesch\u00e4tzte Lesezeit\" \/>\n\t<meta name=\"twitter:data1\" content=\"2\u00a0Minuten\" \/>\n<script type=\"application\/ld+json\" class=\"yoast-schema-graph\">{\"@context\":\"https:\/\/schema.org\",\"@graph\":[{\"@type\":\"WebPage\",\"@id\":\"https:\/\/www.final-escape.com\/flensburg\/location-mieten\/\",\"url\":\"https:\/\/www.final-escape.com\/flensburg\/location-mieten\/\",\"name\":\"Location mieten - Final Escape Flensburg\",\"isPartOf\":{\"@id\":\"https:\/\/www.final-escape.com\/flensburg\/#website\"},\"datePublished\":\"2022-07-11T13:45:27+00:00\",\"dateModified\":\"2025-04-28T07:39:57+00:00\",\"breadcrumb\":{\"@id\":\"https:\/\/www.final-escape.com\/flensburg\/location-mieten\/#breadcrumb\"},\"inLanguage\":\"de\",\"potentialAction\":[{\"@type\":\"ReadAction\",\"target\":[\"https:\/\/www.final-escape.com\/flensburg\/location-mieten\/\"]}]},{\"@type\":\"BreadcrumbList\",\"@id\":\"https:\/\/www.final-escape.com\/flensburg\/location-mieten\/#breadcrumb\",\"itemListElement\":[{\"@type\":\"ListItem\",\"position\":1,\"name\":\"Startseite\",\"item\":\"https:\/\/www.final-escape.com\/flensburg\/en\/\"},{\"@type\":\"ListItem\",\"position\":2,\"name\":\"Location mieten\"}]},{\"@type\":\"WebSite\",\"@id\":\"https:\/\/www.final-escape.com\/flensburg\/#website\",\"url\":\"https:\/\/www.final-escape.com\/flensburg\/\",\"name\":\"Final Escape Flensburg\",\"description\":\"Live Escape Games \/ Room Flensburg - Adventure Game \/ Rooms Flensburg\",\"potentialAction\":[{\"@type\":\"SearchAction\",\"target\":{\"@type\":\"EntryPoint\",\"urlTemplate\":\"https:\/\/www.final-escape.com\/flensburg\/?s={search_term_string}\"},\"query-input\":{\"@type\":\"PropertyValueSpecification\",\"valueRequired\":true,\"valueName\":\"search_term_string\"}}],\"inLanguage\":\"de\"}]}<\/script>\n<!-- \/ Yoast SEO plugin. -->","yoast_head_json":{"title":"Location mieten - Final Escape Flensburg","robots":{"index":"index","follow":"follow","max-snippet":"max-snippet:-1","max-image-preview":"max-image-preview:large","max-video-preview":"max-video-preview:-1"},"canonical":"https:\/\/www.final-escape.com\/flensburg\/location-mieten\/","og_locale":"de_DE","og_type":"article","og_title":"Location mieten - Final Escape Flensburg","og_description":"Location mieten Fotoshootings und Filmproduktionen Nutze unsere einzigartigen Themenwelten f\u00fcr deine Produktionen! Ob Fotoshooting, Filmproduktion oder Musikvideo, bei uns findest du die f\u00fcr dich passende Location f\u00fcr einen atemberaubenden Dreh. Unsere bis ins letzte Detail geplanten Kulissen \u00fcberzeugen mit ihrer Vielfalt und Vielseitigkeit. Du hast die Wahl zwischen unterschiedlichen Themen, um deiner n\u00e4chsten Produktion einen [&hellip;]","og_url":"https:\/\/www.final-escape.com\/flensburg\/location-mieten\/","og_site_name":"Final Escape Flensburg","article_modified_time":"2025-04-28T07:39:57+00:00","twitter_card":"summary_large_image","twitter_misc":{"Gesch\u00e4tzte Lesezeit":"2\u00a0Minuten"},"schema":{"@context":"https:\/\/schema.org","@graph":[{"@type":"WebPage","@id":"https:\/\/www.final-escape.com\/flensburg\/location-mieten\/","url":"https:\/\/www.final-escape.com\/flensburg\/location-mieten\/","name":"Location mieten - Final Escape Flensburg","isPartOf":{"@id":"https:\/\/www.final-escape.com\/flensburg\/#website"},"datePublished":"2022-07-11T13:45:27+00:00","dateModified":"2025-04-28T07:39:57+00:00","breadcrumb":{"@id":"https:\/\/www.final-escape.com\/flensburg\/location-mieten\/#breadcrumb"},"inLanguage":"de","potentialAction":[{"@type":"ReadAction","target":["https:\/\/www.final-escape.com\/flensburg\/location-mieten\/"]}]},{"@type":"BreadcrumbList","@id":"https:\/\/www.final-escape.com\/flensburg\/location-mieten\/#breadcrumb","itemListElement":[{"@type":"ListItem","position":1,"name":"Startseite","item":"https:\/\/www.final-escape.com\/flensburg\/en\/"},{"@type":"ListItem","position":2,"name":"Location mieten"}]},{"@type":"WebSite","@id":"https:\/\/www.final-escape.com\/flensburg\/#website","url":"https:\/\/www.final-escape.com\/flensburg\/","name":"Final Escape Flensburg","description":"Live Escape Games \/ Room Flensburg - Adventure Game \/ Rooms Flensburg","potentialAction":[{"@type":"SearchAction","target":{"@type":"EntryPoint","urlTemplate":"https:\/\/www.final-escape.com\/flensburg\/?s={search_term_string}"},"query-input":{"@type":"PropertyValueSpecification","valueRequired":true,"valueName":"search_term_string"}}],"inLanguage":"de"}]}},"_links":{"self":[{"href":"https:\/\/www.final-escape.com\/flensburg\/wp-json\/wp\/v2\/pages\/28"}],"collection":[{"href":"https:\/\/www.final-escape.com\/flensburg\/wp-json\/wp\/v2\/pages"}],"about":[{"href":"https:\/\/www.final-escape.com\/flensburg\/wp-json\/wp\/v2\/types\/page"}],"author":[{"embeddable":true,"href":"https:\/\/www.final-escape.com\/flensburg\/wp-json\/wp\/v2\/users\/1"}],"replies":[{"embeddable":true,"href":"https:\/\/www.final-escape.com\/flensburg\/wp-json\/wp\/v2\/comments?post=28"}],"version-history":[{"count":10,"href":"https:\/\/www.final-escape.com\/flensburg\/wp-json\/wp\/v2\/pages\/28\/revisions"}],"predecessor-version":[{"id":3604,"href":"https:\/\/www.final-escape.com\/flensburg\/wp-json\/wp\/v2\/pages\/28\/revisions\/3604"}],"wp:attachment":[{"href":"https:\/\/www.final-escape.com\/flensburg\/wp-json\/wp\/v2\/media?parent=28"}],"curies":[{"name":"wp","href":"https:\/\/api.w.org\/{rel}","templated":true}]}}