{"id":99,"date":"2022-07-11T16:17:32","date_gmt":"2022-07-11T14:17:32","guid":{"rendered":"https:\/\/www.final-escape.com\/flensburg\/gruppen-events\/junggesellenabschiede\/"},"modified":"2025-12-17T15:20:54","modified_gmt":"2025-12-17T14:20:54","slug":"junggesellenabschiede","status":"publish","type":"page","link":"https:\/\/www.final-escape.com\/flensburg\/gruppen-events\/junggesellenabschiede\/","title":{"rendered":"Junggesellenabschiede"},"content":{"rendered":"\t\t<div data-elementor-type=\"wp-page\" data-elementor-id=\"99\" class=\"elementor elementor-99\" data-elementor-post-type=\"page\">\n\t\t\t\t\t\t<section class=\"elementor-section elementor-top-section elementor-element elementor-element-18dab90e elementor-section-height-min-height elementor-section-items-stretch elementor-section-content-middle elementor-section-boxed elementor-section-height-default\" data-id=\"18dab90e\" data-element_type=\"section\" data-settings=\"{&quot;background_background&quot;:&quot;classic&quot;}\">\n\t\t\t\t\t\t<div class=\"elementor-container elementor-column-gap-default\">\n\t\t\t\t\t<div class=\"elementor-column elementor-col-100 elementor-top-column elementor-element elementor-element-25d359c\" data-id=\"25d359c\" data-element_type=\"column\" data-settings=\"{&quot;background_background&quot;:&quot;classic&quot;}\">\n\t\t\t<div class=\"elementor-widget-wrap elementor-element-populated\">\n\t\t\t\t\t\t<div class=\"elementor-element elementor-element-44a16e51 elementor-widget elementor-widget-heading\" data-id=\"44a16e51\" data-element_type=\"widget\" data-widget_type=\"heading.default\">\n\t\t\t\t<div class=\"elementor-widget-container\">\n\t\t\t<h1 class=\"elementor-heading-title elementor-size-default\">Junggesell:innen<\/h1>\t\t<\/div>\n\t\t\t\t<\/div>\n\t\t\t\t<div class=\"elementor-element elementor-element-6c746c8 elementor-align-left elementor-mobile-align-justify elementor-tablet-align-center elementor-hidden-desktop elementor-hidden-tablet elementor-widget elementor-widget-button\" data-id=\"6c746c8\" data-element_type=\"widget\" data-widget_type=\"button.default\">\n\t\t\t\t<div class=\"elementor-widget-container\">\n\t\t\t\t\t\t\t<div class=\"elementor-button-wrapper\">\n\t\t\t\t\t<a class=\"elementor-button elementor-button-link elementor-size-sm elementor-animation-grow\" href=\"#jetzt-buchen\">\n\t\t\t\t\t\t<span class=\"elementor-button-content-wrapper\">\n\t\t\t\t\t\t\t\t\t<span class=\"elementor-button-text\">Jetzt buchen<\/span>\n\t\t\t\t\t<\/span>\n\t\t\t\t\t<\/a>\n\t\t\t\t<\/div>\n\t\t\t\t\t\t<\/div>\n\t\t\t\t<\/div>\n\t\t\t\t\t<\/div>\n\t\t<\/div>\n\t\t\t\t\t<\/div>\n\t\t<\/section>\n\t\t\t\t<section class=\"elementor-section elementor-top-section elementor-element elementor-element-48d7fe53 elementor-reverse-mobile elementor-section-boxed elementor-section-height-default elementor-section-height-default\" data-id=\"48d7fe53\" data-element_type=\"section\">\n\t\t\t\t\t\t<div class=\"elementor-container elementor-column-gap-default\">\n\t\t\t\t\t<div class=\"elementor-column elementor-col-100 elementor-top-column elementor-element elementor-element-35d2529\" data-id=\"35d2529\" data-element_type=\"column\">\n\t\t\t<div class=\"elementor-widget-wrap elementor-element-populated\">\n\t\t\t\t\t\t<div class=\"elementor-element elementor-element-79fdb853 elementor-widget elementor-widget-heading\" data-id=\"79fdb853\" data-element_type=\"widget\" data-widget_type=\"heading.default\">\n\t\t\t\t<div class=\"elementor-widget-container\">\n\t\t\t<h2 class=\"elementor-heading-title elementor-size-default\">Junggesell:innenabschiede bei Final Escape in Flensburg<\/h2>\t\t<\/div>\n\t\t\t\t<\/div>\n\t\t\t\t<div class=\"elementor-element elementor-element-36106f72 elementor-widget elementor-widget-heading\" data-id=\"36106f72\" data-element_type=\"widget\" data-widget_type=\"heading.default\">\n\t\t\t\t<div class=\"elementor-widget-container\">\n\t\t\t<h4 class=\"elementor-heading-title elementor-size-default\">Abtauchen in ein echtes Abenteuer<\/h4>\t\t<\/div>\n\t\t\t\t<\/div>\n\t\t\t\t<div class=\"elementor-element elementor-element-4cc79597 elementor-widget elementor-widget-text-editor\" data-id=\"4cc79597\" data-element_type=\"widget\" data-widget_type=\"text-editor.default\">\n\t\t\t\t<div class=\"elementor-widget-container\">\n\t\t\t\t\t\t\t<p><span style=\"font-weight: 400\">Ihr sucht den perfekten Start f\u00fcr den Junggesellinnen- oder Junggesellen\u00adabschied? Dann macht ihr mit einem Exit Room bei Final Escape in Flensburg alles richtig! Wir bieten euch eine Auswahl <strong>faszinierender Abenteuerwelten<\/strong>, die garantiert f\u00fcr jede Menge Spa\u00df sorgen und euch bestens auf einen ausgelassenen Abend vorbereiten. Begebt euch in die Gem\u00e4cher eines Sultans oder findet den Schatz der Piraten. <\/span><\/p><p><span style=\"font-weight: 400\">Wonach euch auch immer der Sinn steht, wir finden <strong>das passende Erlebnis<\/strong> f\u00fcr euch. Mit <strong>bis zu 24 Personen<\/strong> k\u00f6nnt ihr bei uns auf Abenteuerreise gehen. Findet Hinweise, folgt den Anweisungen und knackt gemeinsam unsere herausfordernden R\u00e4tsel.<\/span><\/p><p><span style=\"font-weight: 400\">Wir halten euer Erlebnis im Anschluss gerne mit einem Foto fest.<\/span><\/p><p><span style=\"font-weight: 400\">Einzelne Spiele kannst du auch gerne direkt selber buchen und dich dann noch einmal telefonisch bei uns melden, falls wir ein Geschenk oder \u00e4hnliches im Raum verstecken sollen!<\/span><\/p>\t\t\t\t\t\t<\/div>\n\t\t\t\t<\/div>\n\t\t\t\t<div class=\"elementor-element elementor-element-a5ed685 elementor-widget elementor-widget-menu-anchor\" data-id=\"a5ed685\" data-element_type=\"widget\" data-widget_type=\"menu-anchor.default\">\n\t\t\t\t<div class=\"elementor-widget-container\">\n\t\t\t\t\t<div class=\"elementor-menu-anchor\" id=\"jetzt-buchen\"><\/div>\n\t\t\t\t<\/div>\n\t\t\t\t<\/div>\n\t\t\t\t<div class=\"elementor-element elementor-element-56376b3 elementor-widget elementor-widget-heading\" data-id=\"56376b3\" data-element_type=\"widget\" data-widget_type=\"heading.default\">\n\t\t\t\t<div class=\"elementor-widget-container\">\n\t\t\t<h2 class=\"elementor-heading-title elementor-size-default\">Jetzt buchen<\/h2>\t\t<\/div>\n\t\t\t\t<\/div>\n\t\t\t\t<div class=\"elementor-element elementor-element-0f1dfa6 elementor-widget elementor-widget-shortcode\" data-id=\"0f1dfa6\" data-element_type=\"widget\" data-widget_type=\"shortcode.default\">\n\t\t\t\t<div class=\"elementor-widget-container\">\n\t\t\t\t\t<div class=\"elementor-shortcode\"><div class=\"belboBookingElement\" data-account=\"final-escape-flensburg\" data-location=\"4181\" data-v-app=\"\">Loading...<\/div>\n        <input type=\"hidden\" data-service-id=\"\" style=\"display:none;\"><\/div>\n\t\t\t\t<\/div>\n\t\t\t\t<\/div>\n\t\t\t\t\t<\/div>\n\t\t<\/div>\n\t\t\t\t\t<\/div>\n\t\t<\/section>\n\t\t\t\t<section class=\"elementor-section elementor-top-section elementor-element elementor-element-6eb2e01 elementor-section-content-middle elementor-section-boxed elementor-section-height-default elementor-section-height-default\" data-id=\"6eb2e01\" data-element_type=\"section\" data-settings=\"{&quot;background_background&quot;:&quot;classic&quot;}\">\n\t\t\t\t\t\t<div class=\"elementor-container elementor-column-gap-default\">\n\t\t\t\t\t<div class=\"elementor-column elementor-col-50 elementor-top-column elementor-element elementor-element-f8d625c\" data-id=\"f8d625c\" data-element_type=\"column\">\n\t\t\t<div class=\"elementor-widget-wrap elementor-element-populated\">\n\t\t\t\t\t\t<div class=\"elementor-element elementor-element-53fcb78 elementor-widget elementor-widget-image\" data-id=\"53fcb78\" data-element_type=\"widget\" data-widget_type=\"image.default\">\n\t\t\t\t<div class=\"elementor-widget-container\">\n\t\t\t\t\t\t\t\t\t\t\t\t\t<img fetchpriority=\"high\" decoding=\"async\" width=\"800\" height=\"445\" src=\"https:\/\/www.final-escape.com\/flensburg\/wp-content\/uploads\/sites\/5\/2023\/02\/FE-Gutscheine-1024x569.png\" class=\"attachment-large size-large wp-image-1878\" alt=\"\" srcset=\"https:\/\/www.final-escape.com\/flensburg\/wp-content\/uploads\/sites\/5\/2023\/02\/FE-Gutscheine-1024x569.png 1024w, https:\/\/www.final-escape.com\/flensburg\/wp-content\/uploads\/sites\/5\/2023\/02\/FE-Gutscheine-300x167.png 300w, https:\/\/www.final-escape.com\/flensburg\/wp-content\/uploads\/sites\/5\/2023\/02\/FE-Gutscheine-768x427.png 768w, https:\/\/www.final-escape.com\/flensburg\/wp-content\/uploads\/sites\/5\/2023\/02\/FE-Gutscheine.png 1080w\" sizes=\"(max-width: 800px) 100vw, 800px\" \/>\t\t\t\t\t\t\t\t\t\t\t\t\t<\/div>\n\t\t\t\t<\/div>\n\t\t\t\t\t<\/div>\n\t\t<\/div>\n\t\t\t\t<div class=\"elementor-column elementor-col-50 elementor-top-column elementor-element elementor-element-2b73b70\" data-id=\"2b73b70\" data-element_type=\"column\">\n\t\t\t<div class=\"elementor-widget-wrap elementor-element-populated\">\n\t\t\t\t\t\t<div class=\"elementor-element elementor-element-7b4c320 elementor-headline--style-rotate elementor-widget elementor-widget-animated-headline\" data-id=\"7b4c320\" data-element_type=\"widget\" data-settings=\"{&quot;headline_style&quot;:&quot;rotate&quot;,&quot;animation_type&quot;:&quot;slide&quot;,&quot;rotating_text&quot;:&quot;zum Geburtstag\\nzu Weihnachten\\nzum Jahrestag\\nf\\u00fcr Freunde\\nf\\u00fcr Familie\\nf\\u00fcr Kollegen&quot;,&quot;loop&quot;:&quot;yes&quot;,&quot;rotate_iteration_delay&quot;:2500}\" data-widget_type=\"animated-headline.default\">\n\t\t\t\t<div class=\"elementor-widget-container\">\n\t\t\t\t\t<h3 class=\"elementor-headline elementor-headline-animation-type-slide\">\n\t\t\t\t\t<span class=\"elementor-headline-plain-text elementor-headline-text-wrapper\">Das perfekte Geschenk<br><\/span>\n\t\t\t\t<span class=\"elementor-headline-dynamic-wrapper elementor-headline-text-wrapper\">\n\t\t\t\t\t<span class=\"elementor-headline-dynamic-text elementor-headline-text-active\">\n\t\t\t\tzum&nbsp;Geburtstag\t\t\t<\/span>\n\t\t\t\t\t<span class=\"elementor-headline-dynamic-text\">\n\t\t\t\tzu&nbsp;Weihnachten\t\t\t<\/span>\n\t\t\t\t\t<span class=\"elementor-headline-dynamic-text\">\n\t\t\t\tzum&nbsp;Jahrestag\t\t\t<\/span>\n\t\t\t\t\t<span class=\"elementor-headline-dynamic-text\">\n\t\t\t\tf\u00fcr&nbsp;Freunde\t\t\t<\/span>\n\t\t\t\t\t<span class=\"elementor-headline-dynamic-text\">\n\t\t\t\tf\u00fcr&nbsp;Familie\t\t\t<\/span>\n\t\t\t\t\t<span class=\"elementor-headline-dynamic-text\">\n\t\t\t\tf\u00fcr&nbsp;Kollegen\t\t\t<\/span>\n\t\t\t\t\t\t<\/span>\n\t\t\t\t<\/h3>\n\t\t\t\t<\/div>\n\t\t\t\t<\/div>\n\t\t\t\t<div class=\"elementor-element elementor-element-3588d4c elementor-widget elementor-widget-heading\" data-id=\"3588d4c\" data-element_type=\"widget\" data-widget_type=\"heading.default\">\n\t\t\t\t<div class=\"elementor-widget-container\">\n\t\t\t<h2 class=\"elementor-heading-title elementor-size-default\">Der Final Escape Gutschein<\/h2>\t\t<\/div>\n\t\t\t\t<\/div>\n\t\t\t\t<div class=\"elementor-element elementor-element-28ca84c elementor-widget elementor-widget-text-editor\" data-id=\"28ca84c\" data-element_type=\"widget\" data-widget_type=\"text-editor.default\">\n\t\t\t\t<div class=\"elementor-widget-container\">\n\t\t\t\t\t\t\t<p>Du bist auf der Suche nach einem perfekten Geschenk f\u00fcr Freundinnen und Freunde, Familie oder Arbeitskolleginnen und Arbeitskollegen? Dann bist du bei uns genau richtig!<\/p><p>Hol dir deinen Final Escape Gutschein direkt in unserem Online Shop oder bei uns in der Filiale.<\/p>\t\t\t\t\t\t<\/div>\n\t\t\t\t<\/div>\n\t\t\t\t<div class=\"elementor-element elementor-element-db11198 elementor-align-center elementor-widget elementor-widget-button\" data-id=\"db11198\" data-element_type=\"widget\" data-widget_type=\"button.default\">\n\t\t\t\t<div class=\"elementor-widget-container\">\n\t\t\t\t\t\t\t<div class=\"elementor-button-wrapper\">\n\t\t\t\t\t<a class=\"elementor-button elementor-button-link elementor-size-md elementor-animation-float\" href=\"https:\/\/www.final-escape.com\/flensburg\/gutscheine\/\">\n\t\t\t\t\t\t<span class=\"elementor-button-content-wrapper\">\n\t\t\t\t\t\t\t\t\t<span class=\"elementor-button-text\">ABENTEUER VERSCHENKEN<\/span>\n\t\t\t\t\t<\/span>\n\t\t\t\t\t<\/a>\n\t\t\t\t<\/div>\n\t\t\t\t\t\t<\/div>\n\t\t\t\t<\/div>\n\t\t\t\t\t<\/div>\n\t\t<\/div>\n\t\t\t\t\t<\/div>\n\t\t<\/section>\n\t\t\t\t<section class=\"elementor-section elementor-top-section elementor-element elementor-element-e59645d elementor-section-boxed elementor-section-height-default elementor-section-height-default\" data-id=\"e59645d\" data-element_type=\"section\">\n\t\t\t\t\t\t<div class=\"elementor-container elementor-column-gap-default\">\n\t\t\t\t\t<div class=\"elementor-column elementor-col-100 elementor-top-column elementor-element elementor-element-950ec94 elementor-invisible\" data-id=\"950ec94\" data-element_type=\"column\" data-settings=\"{&quot;animation&quot;:&quot;fadeInUp&quot;}\">\n\t\t\t<div class=\"elementor-widget-wrap elementor-element-populated\">\n\t\t\t\t\t\t<div class=\"elementor-element elementor-element-2bee6cb elementor-widget elementor-widget-heading\" data-id=\"2bee6cb\" data-element_type=\"widget\" data-widget_type=\"heading.default\">\n\t\t\t\t<div class=\"elementor-widget-container\">\n\t\t\t<h2 class=\"elementor-heading-title elementor-size-default\">Escape Games als Teil eures JGAs<\/h2>\t\t<\/div>\n\t\t\t\t<\/div>\n\t\t\t\t<div class=\"elementor-element elementor-element-d2f484d elementor-widget elementor-widget-text-editor\" data-id=\"d2f484d\" data-element_type=\"widget\" data-widget_type=\"text-editor.default\">\n\t\t\t\t<div class=\"elementor-widget-container\">\n\t\t\t\t\t\t\t<div class=\"wpb_text_column wpb_content_element \"><div class=\"wpb_wrapper\"><p><span style=\"font-weight: 400\">Sobald ihr euch f\u00fcr eine Mission entschieden habt, gibt es kein Zur\u00fcck mehr. Nach einer kurzen Einf\u00fchrung taucht ihr endlich ab in eine <strong>komplett andere Welt<\/strong>. Ohne Teamgeist werdet ihr nicht weit kommen. Unsere Aufgaben schafft ihr nur durch gute <strong>Zusammenarbeit<\/strong> und Kommunikation. Ein Game Master wird euer Spiel \u00fcberwachen und euch im richtigen Moment Hinweise geben, sodass eurem <strong>Spielspa\u00df<\/strong> nichts im Wege steht! Wenn ihr es schafft, eure Mission erfolgreich abzuschlie\u00dfen, k\u00f6nnt ihr euch im Anschluss bei einem Getr\u00e4nk in unserer Lounge noch einmal dar\u00fcber austauschen.<\/span><\/p><p><span style=\"font-weight: 400\">Sichert euch noch heute euren Wunschtermin und schickt uns eure <strong>unverbindliche Anfrage<\/strong> per <a href=\"mailto:event@final-escape.de\">E-Mail<\/a>. Wir freuen uns auf euren Besuch!<\/span><\/p><\/div><\/div>\t\t\t\t\t\t<\/div>\n\t\t\t\t<\/div>\n\t\t\t\t\t<\/div>\n\t\t<\/div>\n\t\t\t\t\t<\/div>\n\t\t<\/section>\n\t\t\t\t<section class=\"elementor-section elementor-top-section elementor-element elementor-element-811482c elementor-section-boxed elementor-section-height-default elementor-section-height-default elementor-invisible\" data-id=\"811482c\" data-element_type=\"section\" data-settings=\"{&quot;animation&quot;:&quot;fadeInUp&quot;}\">\n\t\t\t\t\t\t<div class=\"elementor-container elementor-column-gap-default\">\n\t\t\t\t\t<div class=\"elementor-column elementor-col-100 elementor-top-column elementor-element elementor-element-7f2da19\" data-id=\"7f2da19\" data-element_type=\"column\">\n\t\t\t<div class=\"elementor-widget-wrap elementor-element-populated\">\n\t\t\t\t\t\t<div class=\"elementor-element elementor-element-9a79b2c elementor-widget elementor-widget-heading\" data-id=\"9a79b2c\" data-element_type=\"widget\" data-widget_type=\"heading.default\">\n\t\t\t\t<div class=\"elementor-widget-container\">\n\t\t\t<h2 class=\"elementor-heading-title elementor-size-default\">F\u00fcr welche Gruppen sind unsere Escape Rooms geeignet?<\/h2>\t\t<\/div>\n\t\t\t\t<\/div>\n\t\t\t\t<div class=\"elementor-element elementor-element-57bbe36 elementor-widget elementor-widget-text-editor\" data-id=\"57bbe36\" data-element_type=\"widget\" data-widget_type=\"text-editor.default\">\n\t\t\t\t<div class=\"elementor-widget-container\">\n\t\t\t\t\t\t\t<p><span style=\"font-weight: 400\">Ob gro\u00df oder klein, hier sind alle willkommen, die sich eine <strong>Menge Spa\u00df<\/strong> nicht entgehen lassen wollen. F\u00fcr das Bestreiten eines Escape R\u00e4ume sind keine besonderen F\u00e4higkeiten vonn\u00f6ten! Gute Verst\u00e4ndigung untereinander und ein Blick f\u00fcr Details k\u00f6nnen durchaus hilfreich sein. Es gibt Abschnitte, in denen ihr krabbeln oder klettern m\u00fcsst, weshalb eine k\u00f6rperliche Unversehrtheit vorausgesetzt wird. Unsere Spiele sind <strong>nicht barrierefrei<\/strong>. Gerne sprechen wir vor eurem Besuch bei uns mit euch ab, welche R\u00e4ume sich am besten f\u00fcr euch eignen.<\/span><\/p>\t\t\t\t\t\t<\/div>\n\t\t\t\t<\/div>\n\t\t\t\t\t<\/div>\n\t\t<\/div>\n\t\t\t\t\t<\/div>\n\t\t<\/section>\n\t\t\t\t<\/div>\n\t\t","protected":false},"excerpt":{"rendered":"<p>Junggesell:innen Jetzt buchen Junggesell:innenabschiede bei Final Escape in Flensburg Abtauchen in ein echtes Abenteuer Ihr sucht den perfekten Start f\u00fcr den Junggesellinnen- oder Junggesellen\u00adabschied? Dann macht ihr mit einem Exit Room bei Final Escape in Flensburg alles richtig! Wir bieten euch eine Auswahl faszinierender Abenteuerwelten, die garantiert f\u00fcr jede Menge Spa\u00df sorgen und euch bestens [&hellip;]<\/p>\n","protected":false},"author":1,"featured_media":0,"parent":24,"menu_order":5,"comment_status":"closed","ping_status":"closed","template":"","meta":{"_acf_changed":false,"footnotes":""},"class_list":["post-99","page","type-page","status-publish","hentry"],"acf":[],"yoast_head":"<!-- This site is optimized with the Yoast SEO plugin v25.0 - https:\/\/yoast.com\/wordpress\/plugins\/seo\/ -->\n<title>Junggesellenabschiede - Final Escape Flensburg<\/title>\n<meta name=\"robots\" content=\"index, follow, max-snippet:-1, max-image-preview:large, max-video-preview:-1\" \/>\n<link rel=\"canonical\" href=\"https:\/\/www.final-escape.com\/flensburg\/gruppen-events\/junggesellenabschiede\/\" \/>\n<meta property=\"og:locale\" content=\"de_DE\" \/>\n<meta property=\"og:type\" content=\"article\" \/>\n<meta property=\"og:title\" content=\"Junggesellenabschiede - Final Escape Flensburg\" \/>\n<meta property=\"og:description\" content=\"Junggesell:innen Jetzt buchen Junggesell:innenabschiede bei Final Escape in Flensburg Abtauchen in ein echtes Abenteuer Ihr sucht den perfekten Start f\u00fcr den Junggesellinnen- oder Junggesellen\u00adabschied? Dann macht ihr mit einem Exit Room bei Final Escape in Flensburg alles richtig! Wir bieten euch eine Auswahl faszinierender Abenteuerwelten, die garantiert f\u00fcr jede Menge Spa\u00df sorgen und euch bestens [&hellip;]\" \/>\n<meta property=\"og:url\" content=\"https:\/\/www.final-escape.com\/flensburg\/gruppen-events\/junggesellenabschiede\/\" \/>\n<meta property=\"og:site_name\" content=\"Final Escape Flensburg\" \/>\n<meta property=\"article:modified_time\" content=\"2025-12-17T14:20:54+00:00\" \/>\n<meta property=\"og:image\" content=\"https:\/\/www.final-escape.com\/flensburg\/wp-content\/uploads\/sites\/5\/2023\/02\/FE-Gutscheine.png\" \/>\n\t<meta property=\"og:image:width\" content=\"1080\" \/>\n\t<meta property=\"og:image:height\" content=\"600\" \/>\n\t<meta property=\"og:image:type\" content=\"image\/png\" \/>\n<meta name=\"twitter:card\" content=\"summary_large_image\" \/>\n<meta name=\"twitter:label1\" content=\"Gesch\u00e4tzte Lesezeit\" \/>\n\t<meta name=\"twitter:data1\" content=\"3\u00a0Minuten\" \/>\n<script type=\"application\/ld+json\" class=\"yoast-schema-graph\">{\"@context\":\"https:\/\/schema.org\",\"@graph\":[{\"@type\":\"WebPage\",\"@id\":\"https:\/\/www.final-escape.com\/flensburg\/gruppen-events\/junggesellenabschiede\/\",\"url\":\"https:\/\/www.final-escape.com\/flensburg\/gruppen-events\/junggesellenabschiede\/\",\"name\":\"Junggesellenabschiede - Final Escape Flensburg\",\"isPartOf\":{\"@id\":\"https:\/\/www.final-escape.com\/flensburg\/#website\"},\"primaryImageOfPage\":{\"@id\":\"https:\/\/www.final-escape.com\/flensburg\/gruppen-events\/junggesellenabschiede\/#primaryimage\"},\"image\":{\"@id\":\"https:\/\/www.final-escape.com\/flensburg\/gruppen-events\/junggesellenabschiede\/#primaryimage\"},\"thumbnailUrl\":\"https:\/\/www.final-escape.com\/flensburg\/wp-content\/uploads\/sites\/5\/2023\/02\/FE-Gutscheine-1024x569.png\",\"datePublished\":\"2022-07-11T14:17:32+00:00\",\"dateModified\":\"2025-12-17T14:20:54+00:00\",\"breadcrumb\":{\"@id\":\"https:\/\/www.final-escape.com\/flensburg\/gruppen-events\/junggesellenabschiede\/#breadcrumb\"},\"inLanguage\":\"de\",\"potentialAction\":[{\"@type\":\"ReadAction\",\"target\":[\"https:\/\/www.final-escape.com\/flensburg\/gruppen-events\/junggesellenabschiede\/\"]}]},{\"@type\":\"ImageObject\",\"inLanguage\":\"de\",\"@id\":\"https:\/\/www.final-escape.com\/flensburg\/gruppen-events\/junggesellenabschiede\/#primaryimage\",\"url\":\"https:\/\/www.final-escape.com\/flensburg\/wp-content\/uploads\/sites\/5\/2023\/02\/FE-Gutscheine.png\",\"contentUrl\":\"https:\/\/www.final-escape.com\/flensburg\/wp-content\/uploads\/sites\/5\/2023\/02\/FE-Gutscheine.png\",\"width\":1080,\"height\":600},{\"@type\":\"BreadcrumbList\",\"@id\":\"https:\/\/www.final-escape.com\/flensburg\/gruppen-events\/junggesellenabschiede\/#breadcrumb\",\"itemListElement\":[{\"@type\":\"ListItem\",\"position\":1,\"name\":\"Startseite\",\"item\":\"https:\/\/www.final-escape.com\/flensburg\/en\/\"},{\"@type\":\"ListItem\",\"position\":2,\"name\":\"Gruppen &amp; Events\",\"item\":\"https:\/\/www.final-escape.com\/flensburg\/gruppen-events\/\"},{\"@type\":\"ListItem\",\"position\":3,\"name\":\"Junggesellenabschiede\"}]},{\"@type\":\"WebSite\",\"@id\":\"https:\/\/www.final-escape.com\/flensburg\/#website\",\"url\":\"https:\/\/www.final-escape.com\/flensburg\/\",\"name\":\"Final Escape Flensburg\",\"description\":\"Live Escape Games \/ Room Flensburg - Adventure Game \/ Rooms Flensburg\",\"potentialAction\":[{\"@type\":\"SearchAction\",\"target\":{\"@type\":\"EntryPoint\",\"urlTemplate\":\"https:\/\/www.final-escape.com\/flensburg\/?s={search_term_string}\"},\"query-input\":{\"@type\":\"PropertyValueSpecification\",\"valueRequired\":true,\"valueName\":\"search_term_string\"}}],\"inLanguage\":\"de\"}]}<\/script>\n<!-- \/ Yoast SEO plugin. -->","yoast_head_json":{"title":"Junggesellenabschiede - Final Escape Flensburg","robots":{"index":"index","follow":"follow","max-snippet":"max-snippet:-1","max-image-preview":"max-image-preview:large","max-video-preview":"max-video-preview:-1"},"canonical":"https:\/\/www.final-escape.com\/flensburg\/gruppen-events\/junggesellenabschiede\/","og_locale":"de_DE","og_type":"article","og_title":"Junggesellenabschiede - Final Escape Flensburg","og_description":"Junggesell:innen Jetzt buchen Junggesell:innenabschiede bei Final Escape in Flensburg Abtauchen in ein echtes Abenteuer Ihr sucht den perfekten Start f\u00fcr den Junggesellinnen- oder Junggesellen\u00adabschied? Dann macht ihr mit einem Exit Room bei Final Escape in Flensburg alles richtig! Wir bieten euch eine Auswahl faszinierender Abenteuerwelten, die garantiert f\u00fcr jede Menge Spa\u00df sorgen und euch bestens [&hellip;]","og_url":"https:\/\/www.final-escape.com\/flensburg\/gruppen-events\/junggesellenabschiede\/","og_site_name":"Final Escape Flensburg","article_modified_time":"2025-12-17T14:20:54+00:00","og_image":[{"width":1080,"height":600,"url":"https:\/\/www.final-escape.com\/flensburg\/wp-content\/uploads\/sites\/5\/2023\/02\/FE-Gutscheine.png","type":"image\/png"}],"twitter_card":"summary_large_image","twitter_misc":{"Gesch\u00e4tzte Lesezeit":"3\u00a0Minuten"},"schema":{"@context":"https:\/\/schema.org","@graph":[{"@type":"WebPage","@id":"https:\/\/www.final-escape.com\/flensburg\/gruppen-events\/junggesellenabschiede\/","url":"https:\/\/www.final-escape.com\/flensburg\/gruppen-events\/junggesellenabschiede\/","name":"Junggesellenabschiede - Final Escape Flensburg","isPartOf":{"@id":"https:\/\/www.final-escape.com\/flensburg\/#website"},"primaryImageOfPage":{"@id":"https:\/\/www.final-escape.com\/flensburg\/gruppen-events\/junggesellenabschiede\/#primaryimage"},"image":{"@id":"https:\/\/www.final-escape.com\/flensburg\/gruppen-events\/junggesellenabschiede\/#primaryimage"},"thumbnailUrl":"https:\/\/www.final-escape.com\/flensburg\/wp-content\/uploads\/sites\/5\/2023\/02\/FE-Gutscheine-1024x569.png","datePublished":"2022-07-11T14:17:32+00:00","dateModified":"2025-12-17T14:20:54+00:00","breadcrumb":{"@id":"https:\/\/www.final-escape.com\/flensburg\/gruppen-events\/junggesellenabschiede\/#breadcrumb"},"inLanguage":"de","potentialAction":[{"@type":"ReadAction","target":["https:\/\/www.final-escape.com\/flensburg\/gruppen-events\/junggesellenabschiede\/"]}]},{"@type":"ImageObject","inLanguage":"de","@id":"https:\/\/www.final-escape.com\/flensburg\/gruppen-events\/junggesellenabschiede\/#primaryimage","url":"https:\/\/www.final-escape.com\/flensburg\/wp-content\/uploads\/sites\/5\/2023\/02\/FE-Gutscheine.png","contentUrl":"https:\/\/www.final-escape.com\/flensburg\/wp-content\/uploads\/sites\/5\/2023\/02\/FE-Gutscheine.png","width":1080,"height":600},{"@type":"BreadcrumbList","@id":"https:\/\/www.final-escape.com\/flensburg\/gruppen-events\/junggesellenabschiede\/#breadcrumb","itemListElement":[{"@type":"ListItem","position":1,"name":"Startseite","item":"https:\/\/www.final-escape.com\/flensburg\/en\/"},{"@type":"ListItem","position":2,"name":"Gruppen &amp; Events","item":"https:\/\/www.final-escape.com\/flensburg\/gruppen-events\/"},{"@type":"ListItem","position":3,"name":"Junggesellenabschiede"}]},{"@type":"WebSite","@id":"https:\/\/www.final-escape.com\/flensburg\/#website","url":"https:\/\/www.final-escape.com\/flensburg\/","name":"Final Escape Flensburg","description":"Live Escape Games \/ Room Flensburg - Adventure Game \/ Rooms Flensburg","potentialAction":[{"@type":"SearchAction","target":{"@type":"EntryPoint","urlTemplate":"https:\/\/www.final-escape.com\/flensburg\/?s={search_term_string}"},"query-input":{"@type":"PropertyValueSpecification","valueRequired":true,"valueName":"search_term_string"}}],"inLanguage":"de"}]}},"_links":{"self":[{"href":"https:\/\/www.final-escape.com\/flensburg\/wp-json\/wp\/v2\/pages\/99"}],"collection":[{"href":"https:\/\/www.final-escape.com\/flensburg\/wp-json\/wp\/v2\/pages"}],"about":[{"href":"https:\/\/www.final-escape.com\/flensburg\/wp-json\/wp\/v2\/types\/page"}],"author":[{"embeddable":true,"href":"https:\/\/www.final-escape.com\/flensburg\/wp-json\/wp\/v2\/users\/1"}],"replies":[{"embeddable":true,"href":"https:\/\/www.final-escape.com\/flensburg\/wp-json\/wp\/v2\/comments?post=99"}],"version-history":[{"count":10,"href":"https:\/\/www.final-escape.com\/flensburg\/wp-json\/wp\/v2\/pages\/99\/revisions"}],"predecessor-version":[{"id":4101,"href":"https:\/\/www.final-escape.com\/flensburg\/wp-json\/wp\/v2\/pages\/99\/revisions\/4101"}],"up":[{"embeddable":true,"href":"https:\/\/www.final-escape.com\/flensburg\/wp-json\/wp\/v2\/pages\/24"}],"wp:attachment":[{"href":"https:\/\/www.final-escape.com\/flensburg\/wp-json\/wp\/v2\/media?parent=99"}],"curies":[{"name":"wp","href":"https:\/\/api.w.org\/{rel}","templated":true}]}}